{"id":3019,"date":"2025-10-01T14:27:37","date_gmt":"2025-10-01T14:27:37","guid":{"rendered":"https:\/\/certoseguros.pt\/?post_type=product&#038;p=3019"},"modified":"2025-10-02T11:45:44","modified_gmt":"2025-10-02T11:45:44","slug":"seguro-mota-basico","status":"publish","type":"product","link":"https:\/\/certoseguros.pt\/en\/product\/seguro-mota-basico\/","title":{"rendered":"Seguro Mota B\u00e1sico"},"content":{"rendered":"<div class=\"fusion-text fusion-text-8 fusion-text-no-margin\">\n<p>Coberturas:<\/p>\n<ul>\n<li>Responsabilidade Civil\n<ul>\n<li>We provide cover against fire, theft and robbery, as well as damage caused by third parties.<\/li>\n<li>Indemniza\u00e7\u00f5es por danos corporais a terceiros (ex.: pe\u00f5es, passageiros de outros ve\u00edculos ou ocupantes da pr\u00f3pria mota quando legalmente aplic\u00e1vel).<\/li>\n<li>Indemniza\u00e7\u00f5es por danos materiais a terceiros (outros ve\u00edculos, habita\u00e7\u00f5es, equipamentos urbanos, etc.).<\/li>\n<li>Custos legais e judiciais relacionados com os processos de indemniza\u00e7\u00e3o.<\/li>\n<\/ul>\n<\/li>\n<\/ul>\n<\/div>","protected":false},"excerpt":{"rendered":"<p><span style=\"font-weight: 400;\">Para que se sinta seguro, mesmo sobre duas rodas, o seguro Mota da Certo Seguros garante a sua prote\u00e7\u00e3o nas estradas. Com as nossas coberturas abrangentes, garantimos a sua prote\u00e7\u00e3o contra todos os imprevistos.<\/span><\/p>\n<p><span class=\"nota-italico-16\">*Nota: O valor a cobrar pode sofrer altera\u00e7\u00f5es de acordo com a idade e morada do tomador, anos de carta, fracionamento escolhido, \u00edndice de sinistralidade, capital seguro e eventuais franquias. Um consultor entrar\u00e1 em contacto consigo ap\u00f3s recepcionar os seus dados.<br \/>\n<\/span><\/p>","protected":false},"featured_media":966,"template":"","meta":[],"product_brand":[],"product_cat":[47],"product_tag":[48],"class_list":{"0":"post-3019","1":"product","2":"type-product","3":"status-publish","4":"has-post-thumbnail","6":"product_cat-mota","7":"product_tag-mota","9":"first","10":"instock","11":"virtual","12":"purchasable","13":"product-type-simple"},"_links":{"self":[{"href":"https:\/\/certoseguros.pt\/en\/wp-json\/wp\/v2\/product\/3019","targetHints":{"allow":["GET"]}}],"collection":[{"href":"https:\/\/certoseguros.pt\/en\/wp-json\/wp\/v2\/product"}],"about":[{"href":"https:\/\/certoseguros.pt\/en\/wp-json\/wp\/v2\/types\/product"}],"wp:featuredmedia":[{"embeddable":true,"href":"https:\/\/certoseguros.pt\/en\/wp-json\/wp\/v2\/media\/966"}],"wp:attachment":[{"href":"https:\/\/certoseguros.pt\/en\/wp-json\/wp\/v2\/media?parent=3019"}],"wp:term":[{"taxonomy":"product_brand","embeddable":true,"href":"https:\/\/certoseguros.pt\/en\/wp-json\/wp\/v2\/product_brand?post=3019"},{"taxonomy":"product_cat","embeddable":true,"href":"https:\/\/certoseguros.pt\/en\/wp-json\/wp\/v2\/product_cat?post=3019"},{"taxonomy":"product_tag","embeddable":true,"href":"https:\/\/certoseguros.pt\/en\/wp-json\/wp\/v2\/product_tag?post=3019"}],"curies":[{"name":"wp","href":"https:\/\/api.w.org\/{rel}","templated":true}]}}