{"id":3035,"date":"2025-10-01T17:14:33","date_gmt":"2025-10-01T17:14:33","guid":{"rendered":"https:\/\/certoseguros.pt\/?post_type=product&#038;p=3035"},"modified":"2025-10-02T11:45:06","modified_gmt":"2025-10-02T11:45:06","slug":"seguro-auto-comercial-top","status":"publish","type":"product","link":"https:\/\/certoseguros.pt\/en\/product\/seguro-auto-comercial-top\/","title":{"rendered":"Seguro Auto Comercial Top"},"content":{"rendered":"<div class=\"fusion-text fusion-text-8 fusion-text-no-margin\">\n<p>Coberturas:<\/p>\n<ul>\n<li>Responsabilidade Civil\n<ul>\n<li>Indemniza\u00e7\u00f5es a terceiros por acidentes provocados pelo ve\u00edculo.<\/li>\n<li>Despesas m\u00e9dicas decorrentes de ferimentos causados.<\/li>\n<li>Danos em bens de terceiros (outros ve\u00edculos, edif\u00edcios, infraestruturas, etc.).<\/li>\n<li>Custos legais relacionados com processos decorrentes do acidente.<\/li>\n<\/ul>\n<\/li>\n<li>Quebra de vidros\n<ul>\n<li>Repara\u00e7\u00e3o ou substitui\u00e7\u00e3o dos vidros do ve\u00edculo em caso de quebra acidental, sem aplica\u00e7\u00e3o de franquia.<\/li>\n<\/ul>\n<\/li>\n<\/ul>\n<\/div>","protected":false},"excerpt":{"rendered":"<p><span style=\"font-weight: 400;\">O seguro Auto Comercial da Certo Seguros garante n\u00e3o s\u00f3 a prote\u00e7\u00e3o contra imprevistos como acidentes, roubos ou avarias, mas tamb\u00e9m a continuidade da sua atividade sem interrup\u00e7\u00f5es. Oferecemos coberturas flex\u00edveis, e solu\u00e7\u00f5es adaptadas ao uso profissional do ve\u00edculo.<\/span><\/p>\n<p><span class=\"nota-italico-16\">*Nota: O valor a cobrar pode sofrer altera\u00e7\u00f5es de acordo com a idade e morada do tomador, anos de carta, fracionamento escolhido, \u00edndice de sinistralidade, capital seguro e eventuais franquias. Um consultor entrar\u00e1 em contacto consigo ap\u00f3s recepcionar os seus dados.<br \/>\n<\/span><\/p>","protected":false},"featured_media":1228,"template":"","meta":[],"product_brand":[],"product_cat":[45],"product_tag":[46],"class_list":{"0":"post-3035","1":"product","2":"type-product","3":"status-publish","4":"has-post-thumbnail","6":"product_cat-auto","7":"product_tag-auto","9":"first","10":"instock","11":"virtual","12":"purchasable","13":"product-type-simple"},"_links":{"self":[{"href":"https:\/\/certoseguros.pt\/en\/wp-json\/wp\/v2\/product\/3035","targetHints":{"allow":["GET"]}}],"collection":[{"href":"https:\/\/certoseguros.pt\/en\/wp-json\/wp\/v2\/product"}],"about":[{"href":"https:\/\/certoseguros.pt\/en\/wp-json\/wp\/v2\/types\/product"}],"wp:featuredmedia":[{"embeddable":true,"href":"https:\/\/certoseguros.pt\/en\/wp-json\/wp\/v2\/media\/1228"}],"wp:attachment":[{"href":"https:\/\/certoseguros.pt\/en\/wp-json\/wp\/v2\/media?parent=3035"}],"wp:term":[{"taxonomy":"product_brand","embeddable":true,"href":"https:\/\/certoseguros.pt\/en\/wp-json\/wp\/v2\/product_brand?post=3035"},{"taxonomy":"product_cat","embeddable":true,"href":"https:\/\/certoseguros.pt\/en\/wp-json\/wp\/v2\/product_cat?post=3035"},{"taxonomy":"product_tag","embeddable":true,"href":"https:\/\/certoseguros.pt\/en\/wp-json\/wp\/v2\/product_tag?post=3035"}],"curies":[{"name":"wp","href":"https:\/\/api.w.org\/{rel}","templated":true}]}}