{"id":3017,"date":"2025-10-01T14:17:47","date_gmt":"2025-10-01T14:17:47","guid":{"rendered":"https:\/\/certoseguros.pt\/?post_type=product&#038;p=3017"},"modified":"2025-10-02T11:46:07","modified_gmt":"2025-10-02T11:46:07","slug":"seguro-auto-basico","status":"publish","type":"product","link":"https:\/\/certoseguros.pt\/zh\/product\/seguro-auto-basico\/","title":{"rendered":"Seguro Auto B\u00e1sico"},"content":{"rendered":"<div class=\"fusion-text fusion-text-8 fusion-text-no-margin\">\n<p>Coberturas inclu\u00eddas:<\/p>\n<ul>\n<li>Prote\u00e7\u00e3o para si e para o seu carro<\/li>\n<li>Responsabilidade civil\n<ul>\n<li>Indemniza\u00e7\u00f5es por danos corporais a terceiros (pe\u00f5es, ocupantes de outros ve\u00edculos, ciclistas, etc.).<\/li>\n<li>Indemniza\u00e7\u00f5es por danos materiais em ve\u00edculos de terceiros, edif\u00edcios, veda\u00e7\u00f5es, mobili\u00e1rio urbano, entre outros.<\/li>\n<li>Prote\u00e7\u00e3o dos passageiros transportados.<\/li>\n<li>Custos legais e judiciais relacionados com o acidente.<\/li>\n<\/ul>\n<\/li>\n<\/ul>\n<\/div>","protected":false},"excerpt":{"rendered":"<p><span style=\"font-weight: 400;\">O seguro autom\u00f3vel \u00e9 um investimento obrigat\u00f3rio para proteger o seu ve\u00edculo e o seu bem-estar. O nosso seguro Auto oferece v\u00e1rias coberturas para que possa sentir-se seguro quando viaja e zelar pela seguran\u00e7a dos outros ocupantes.<\/span><\/p>\n<p><span class=\"nota-italico-16\">*Nota: O valor a cobrar pode sofrer altera\u00e7\u00f5es de acordo com a idade e morada do tomador, anos de carta, fracionamento escolhido, \u00edndice de sinistralidade, capital seguro e eventuais franquias. Um consultor entrar\u00e1 em contacto consigo ap\u00f3s recepcionar os seus dados.<br \/>\n<\/span><\/p>","protected":false},"featured_media":916,"template":"","meta":[],"product_brand":[],"product_cat":[45],"product_tag":[46],"class_list":{"0":"post-3017","1":"product","2":"type-product","3":"status-publish","4":"has-post-thumbnail","6":"product_cat-auto","7":"product_tag-auto","9":"first","10":"instock","11":"virtual","12":"purchasable","13":"product-type-simple"},"_links":{"self":[{"href":"https:\/\/certoseguros.pt\/zh\/wp-json\/wp\/v2\/product\/3017","targetHints":{"allow":["GET"]}}],"collection":[{"href":"https:\/\/certoseguros.pt\/zh\/wp-json\/wp\/v2\/product"}],"about":[{"href":"https:\/\/certoseguros.pt\/zh\/wp-json\/wp\/v2\/types\/product"}],"wp:featuredmedia":[{"embeddable":true,"href":"https:\/\/certoseguros.pt\/zh\/wp-json\/wp\/v2\/media\/916"}],"wp:attachment":[{"href":"https:\/\/certoseguros.pt\/zh\/wp-json\/wp\/v2\/media?parent=3017"}],"wp:term":[{"taxonomy":"product_brand","embeddable":true,"href":"https:\/\/certoseguros.pt\/zh\/wp-json\/wp\/v2\/product_brand?post=3017"},{"taxonomy":"product_cat","embeddable":true,"href":"https:\/\/certoseguros.pt\/zh\/wp-json\/wp\/v2\/product_cat?post=3017"},{"taxonomy":"product_tag","embeddable":true,"href":"https:\/\/certoseguros.pt\/zh\/wp-json\/wp\/v2\/product_tag?post=3017"}],"curies":[{"name":"wp","href":"https:\/\/api.w.org\/{rel}","templated":true}]}}