{"id":3026,"date":"2025-10-01T16:40:28","date_gmt":"2025-10-01T16:40:28","guid":{"rendered":"https:\/\/certoseguros.pt\/?post_type=product&#038;p=3026"},"modified":"2025-10-02T11:45:17","modified_gmt":"2025-10-02T11:45:17","slug":"seguro-mota-top","status":"publish","type":"product","link":"https:\/\/certoseguros.pt\/zh\/product\/seguro-mota-top\/","title":{"rendered":"Seguro Mota Top"},"content":{"rendered":"<div class=\"fusion-text fusion-text-8 fusion-text-no-margin\">\n<p>Coberturas:<\/p>\n<ul>\n<li>Responsabilidade Civil\n<ul>\n<li>\u6211\u4eec\u63d0\u4f9b\u706b\u707e\u3001\u62a2\u52ab\u3001\u76d7\u7a83\u4ee5\u53ca\u7b2c\u4e09\u65b9\u9020\u6210\u7684\u635f\u574f\u4fdd\u9669\u3002<\/li>\n<li>Indemniza\u00e7\u00f5es por danos corporais a terceiros (ex.: pe\u00f5es, passageiros de outros ve\u00edculos ou ocupantes da pr\u00f3pria mota quando legalmente aplic\u00e1vel).<\/li>\n<li>Indemniza\u00e7\u00f5es por danos materiais a terceiros (outros ve\u00edculos, habita\u00e7\u00f5es, equipamentos urbanos, etc.).<\/li>\n<li>Custos legais e judiciais relacionados com os processos de indemniza\u00e7\u00e3o.<\/li>\n<\/ul>\n<\/li>\n<\/ul>\n<ul>\n<li>Assist\u00eancia em viagem\n<ul>\n<li>\u6211\u4eec\u4fdd\u8bc1\u5728\u51fa\u73b0\u673a\u68b0\u6216\u7535\u6c14\u95ee\u9898\u65f6\u7acb\u5373\u63d0\u4f9b\u53ca\u65f6\u652f\u6301\u3002<\/li>\n<\/ul>\n<\/li>\n<\/ul>\n<\/div>","protected":false},"excerpt":{"rendered":"<p><span style=\"font-weight: 400;\">Para que se sinta seguro, mesmo sobre duas rodas, o seguro Mota da Certo Seguros garante a sua prote\u00e7\u00e3o nas estradas. Com as nossas coberturas abrangentes, garantimos a sua prote\u00e7\u00e3o contra todos os imprevistos.<\/span><\/p>\n<p><span class=\"nota-italico-16\">*Nota: O valor a cobrar pode sofrer altera\u00e7\u00f5es de acordo com a idade e morada do tomador, anos de carta, fracionamento escolhido, \u00edndice de sinistralidade, capital seguro e eventuais franquias. Um consultor entrar\u00e1 em contacto consigo ap\u00f3s recepcionar os seus dados.<br \/>\n<\/span><\/p>","protected":false},"featured_media":966,"template":"","meta":[],"product_brand":[],"product_cat":[47],"product_tag":[48],"class_list":{"0":"post-3026","1":"product","2":"type-product","3":"status-publish","4":"has-post-thumbnail","6":"product_cat-mota","7":"product_tag-mota","9":"first","10":"instock","11":"virtual","12":"purchasable","13":"product-type-simple"},"_links":{"self":[{"href":"https:\/\/certoseguros.pt\/zh\/wp-json\/wp\/v2\/product\/3026","targetHints":{"allow":["GET"]}}],"collection":[{"href":"https:\/\/certoseguros.pt\/zh\/wp-json\/wp\/v2\/product"}],"about":[{"href":"https:\/\/certoseguros.pt\/zh\/wp-json\/wp\/v2\/types\/product"}],"wp:featuredmedia":[{"embeddable":true,"href":"https:\/\/certoseguros.pt\/zh\/wp-json\/wp\/v2\/media\/966"}],"wp:attachment":[{"href":"https:\/\/certoseguros.pt\/zh\/wp-json\/wp\/v2\/media?parent=3026"}],"wp:term":[{"taxonomy":"product_brand","embeddable":true,"href":"https:\/\/certoseguros.pt\/zh\/wp-json\/wp\/v2\/product_brand?post=3026"},{"taxonomy":"product_cat","embeddable":true,"href":"https:\/\/certoseguros.pt\/zh\/wp-json\/wp\/v2\/product_cat?post=3026"},{"taxonomy":"product_tag","embeddable":true,"href":"https:\/\/certoseguros.pt\/zh\/wp-json\/wp\/v2\/product_tag?post=3026"}],"curies":[{"name":"wp","href":"https:\/\/api.w.org\/{rel}","templated":true}]}}