{"id":3037,"date":"2025-10-01T17:17:55","date_gmt":"2025-10-01T17:17:55","guid":{"rendered":"https:\/\/certoseguros.pt\/?post_type=product&#038;p=3037"},"modified":"2025-10-02T11:40:37","modified_gmt":"2025-10-02T11:40:37","slug":"seguro-viagem-na-europa","status":"publish","type":"product","link":"https:\/\/certoseguros.pt\/zh\/product\/seguro-viagem-na-europa\/","title":{"rendered":"Seguro Viagem na Europa"},"content":{"rendered":"<div class=\"fusion-text fusion-text-8 fusion-text-no-margin\">\n<p>Coberturas:<\/p>\n<ul>\n<li>Responsabilidade Civil\n<ul>\n<li>Danos corporais a terceiros \u2013 ex.: se, sem querer, o viajante provocar um acidente que cause les\u00f5es a outra pessoa.<\/li>\n<li>Danos materiais a terceiros \u2013 ex.: estragar involuntariamente a propriedade de algu\u00e9m (um objeto num hotel, equipamentos de aluguer, etc.).<\/li>\n<li>Custos legais e judiciais \u2013 em caso de processos relacionados com esses danos.<\/li>\n<\/ul>\n<\/li>\n<\/ul>\n<ul>\n<li>Assist\u00eancia m\u00e9dica na Europa\n<ul>\n<li>Cobre despesas m\u00e9dicas e hospitalares em caso de doen\u00e7a e acidente durante a sua viagem em qualquer pa\u00eds da Europa, com uma ampla rede de assist\u00eancia, que inclui atendimento em v\u00e1rios idiomas.<\/li>\n<\/ul>\n<\/li>\n<\/ul>\n<\/div>","protected":false},"excerpt":{"rendered":"<p><span style=\"font-weight: 400;\">Porque a sua seguran\u00e7a est\u00e1 sempre em primeiro lugar, o Viagem da Certo Seguros oferece-lhe um plano personalizado com as coberturas mais indicadas para viagens na Europa.<\/span><\/p>\n<p><span class=\"nota-italico-16\">*Nota: O valor a cobrar pode sofrer altera\u00e7\u00f5es de acordo com a idade e morada do tomador, anos de carta, fracionamento escolhido, \u00edndice de sinistralidade, capital seguro e eventuais franquias. Um consultor entrar\u00e1 em contacto consigo ap\u00f3s recepcionar os seus dados.<br \/>\n<\/span><\/p>","protected":false},"featured_media":1880,"template":"","meta":[],"product_brand":[],"product_cat":[49],"product_tag":[50],"class_list":{"0":"post-3037","1":"product","2":"type-product","3":"status-publish","4":"has-post-thumbnail","6":"product_cat-viagem","7":"product_tag-viagem","9":"first","10":"instock","11":"virtual","12":"purchasable","13":"product-type-simple"},"_links":{"self":[{"href":"https:\/\/certoseguros.pt\/zh\/wp-json\/wp\/v2\/product\/3037","targetHints":{"allow":["GET"]}}],"collection":[{"href":"https:\/\/certoseguros.pt\/zh\/wp-json\/wp\/v2\/product"}],"about":[{"href":"https:\/\/certoseguros.pt\/zh\/wp-json\/wp\/v2\/types\/product"}],"wp:featuredmedia":[{"embeddable":true,"href":"https:\/\/certoseguros.pt\/zh\/wp-json\/wp\/v2\/media\/1880"}],"wp:attachment":[{"href":"https:\/\/certoseguros.pt\/zh\/wp-json\/wp\/v2\/media?parent=3037"}],"wp:term":[{"taxonomy":"product_brand","embeddable":true,"href":"https:\/\/certoseguros.pt\/zh\/wp-json\/wp\/v2\/product_brand?post=3037"},{"taxonomy":"product_cat","embeddable":true,"href":"https:\/\/certoseguros.pt\/zh\/wp-json\/wp\/v2\/product_cat?post=3037"},{"taxonomy":"product_tag","embeddable":true,"href":"https:\/\/certoseguros.pt\/zh\/wp-json\/wp\/v2\/product_tag?post=3037"}],"curies":[{"name":"wp","href":"https:\/\/api.w.org\/{rel}","templated":true}]}}